{"id":147,"date":"2019-03-27T11:53:40","date_gmt":"2019-03-27T10:53:40","guid":{"rendered":"http:\/\/www.galerie3f.fr\/paris\/?page_id=147"},"modified":"2019-03-29T18:44:06","modified_gmt":"2019-03-29T17:44:06","slug":"jean-michel-faudemer","status":"publish","type":"page","link":"https:\/\/www.galerie3f.fr\/paris\/jean-michel-faudemer\/","title":{"rendered":"Jean-Michel FAUDEMER"},"content":{"rendered":"\n<div class=\"wp-block-image\"><figure class=\"alignleft\"><a href=\"http:\/\/www.galerie3f.fr\/paris\/wp-content\/uploads\/2019\/03\/jean-michel-faudemer.jpg\"><img loading=\"lazy\" decoding=\"async\" width=\"567\" height=\"470\" src=\"http:\/\/www.galerie3f.fr\/paris\/wp-content\/uploads\/2019\/03\/jean-michel-faudemer.jpg\" alt=\"Jean-Michel Faudemer\" class=\"wp-image-385\" srcset=\"https:\/\/www.galerie3f.fr\/paris\/wp-content\/uploads\/2019\/03\/jean-michel-faudemer.jpg 567w, https:\/\/www.galerie3f.fr\/paris\/wp-content\/uploads\/2019\/03\/jean-michel-faudemer-300x249.jpg 300w, https:\/\/www.galerie3f.fr\/paris\/wp-content\/uploads\/2019\/03\/jean-michel-faudemer-508x421.jpg 508w\" sizes=\"auto, (max-width: 567px) 100vw, 567px\" \/><\/a><\/figure><\/div>\n\n\n\n<p style=\"font-size:15px\"><strong>Jean-Michel FAUDEMER<\/strong> est n\u00e9 en 1954 dans un village de Normandie, dans une famille de forgerons de p\u00e8re en fils. A 23 ans sa profession l\u2019am\u00e8ne \u00e0 parcourir le monde pendant plusieurs ann\u00e9es. A 40 ans une promenade en bord de mer \u00e0 l\u2019\u00eele de Br\u00e9hat fait resurgir son enfance baign\u00e9e d\u2019outils, de tubes m\u00e9talliques, de fers \u00e0 cheval \u2026 Trois morceaux de fer rouill\u00e9 abandonn\u00e9s sur le sable, aux formes insolites, lui r\u00e9v\u00e8lent un talent cach\u00e9. N\u2019ayant sur le moment que ses mains, il assemble ces \u00e9l\u00e9ments \u00aben force\u00bb. Le premier assemblage est n\u00e9, il devient alors un d\u00e9fi \u00e0 la fragilit\u00e9 et au d\u00e9s\u00e9quilibre, ainsi qu\u2019une intuition artistique d\u00e9passant le fruit du hasard. Plusieurs g\u00e9n\u00e9rations de forgerons renaissent \u00e0 travers lui, sous une expression et une technique personnelle.<br><br>Un nouveau voyage aux confins de l\u2019abstraction et de la figuration se profile : celui d\u2019une d\u00e9couverte int\u00e9rieure. Depuis ses premiers assemblages, Jen-Michel \u00e9volue dans les techniques et les mat\u00e9riaux utilis\u00e9s. Il ne se limite plus au fer et les plastiques, le bois, le caoutchouc font leur apparition. Une seule constante \u00e0 tout cela la r\u00e9cup\u00e9ration dans la nature ou dans la ville et l\u2019utilisation en l\u2019\u00e9tat, chaque objet ayant son histoire.<br><br>&nbsp;Les expositions se suivent avec des s\u00e9ries diff\u00e9rentes : <strong><a rel=\"noreferrer noopener\" aria-label=\"L'Art de Rien (s\u2019ouvre dans un nouvel onglet)\" href=\"http:\/\/www.galerie3f.fr\/paris\/jean-michel-faudemer-l-art-de-rien\/\" target=\"_blank\">L&rsquo;Art de Rien<\/a><\/strong>, <strong><a rel=\"noreferrer noopener\" aria-label=\"Les Cyclopes (s\u2019ouvre dans un nouvel onglet)\" href=\"http:\/\/www.galerie3f.fr\/paris\/jean-michel-faudemer-les-cyclopes\/\" target=\"_blank\">Les Cyclopes<\/a><\/strong>,&nbsp;<strong><a rel=\"noreferrer noopener\" aria-label=\"Toi&nbsp;\u00e9moi (s\u2019ouvre dans un nouvel onglet)\" href=\"http:\/\/www.galerie3f.fr\/paris\/jean-michel-faudemer-toi-emoi\/\" target=\"_blank\">Toi&nbsp;\u00e9moi<\/a><\/strong>, <strong><a rel=\"noreferrer noopener\" aria-label=\"Mer et Ciel (s\u2019ouvre dans un nouvel onglet)\" href=\"http:\/\/www.galerie3f.fr\/paris\/jean-michel-faudemer-mer-et-ciel\/\" target=\"_blank\">Mer et Ciel<\/a><\/strong>, <strong><a rel=\"noreferrer noopener\" aria-label=\"La Magie du Chaos (s\u2019ouvre dans un nouvel onglet)\" href=\"http:\/\/www.galerie3f.fr\/paris\/jean-michel-faudemer-la-magie-du-chaos\/\" target=\"_blank\">La Magie du Chaos<\/a><\/strong>, <strong><a rel=\"noreferrer noopener\" aria-label=\"M\u00e9gapolis (s\u2019ouvre dans un nouvel onglet)\" href=\"http:\/\/www.galerie3f.fr\/paris\/jean-michel-faudemer-megapolis\/\" target=\"_blank\">M\u00e9gapolis<\/a><\/strong>, <strong><a rel=\"noreferrer noopener\" aria-label=\"Les Gratte-ciel (s\u2019ouvre dans un nouvel onglet)\" href=\"http:\/\/www.galerie3f.fr\/paris\/jean-michel-faudemer-gratte-ciel\/\" target=\"_blank\">Les Gratte-ciel<\/a><\/strong>, <strong><a rel=\"noreferrer noopener\" aria-label=\"Les Bling Bling (s\u2019ouvre dans un nouvel onglet)\" href=\"http:\/\/www.galerie3f.fr\/paris\/jean-michel-faudemer-les-bling-bling\/\" target=\"_blank\">Les Bling Bling<\/a><\/strong>, <strong><a rel=\"noreferrer noopener\" aria-label=\"Les M\u00e9talliques (s\u2019ouvre dans un nouvel onglet)\" href=\"http:\/\/www.galerie3f.fr\/paris\/jean-michel-faudemer-les-metalliques-et-autres-series\/\" target=\"_blank\">Les M\u00e9talliques<\/a><\/strong>, <strong><a rel=\"noreferrer noopener\" aria-label=\"M\u00e9li-M\u00e9lo (s\u2019ouvre dans un nouvel onglet)\" href=\"http:\/\/www.galerie3f.fr\/paris\/jean-michel-faudemer-les-metalliques-et-autres-series\/\" target=\"_blank\">M\u00e9li-M\u00e9lo<\/a><\/strong>, <strong><a rel=\"noreferrer noopener\" aria-label=\"Les V\u00e9g\u00e9tales (s\u2019ouvre dans un nouvel onglet)\" href=\"http:\/\/www.galerie3f.fr\/paris\/jean-michel-faudemer-les-metalliques-et-autres-series\/\" target=\"_blank\">Les V\u00e9g\u00e9tales<\/a><\/strong>, <strong><a href=\"http:\/\/www.galerie3f.fr\/paris\/jean-michel-faudemer-les-metalliques-et-autres-series\/\" target=\"_blank\" rel=\"noreferrer noopener\" aria-label=\"Les Po\u00e9sies d\u00e9chettales (s\u2019ouvre dans un nouvel onglet)\">Les Po\u00e9sies d\u00e9chettales<\/a><\/strong>, avec un point commun \u00e0 tout cela : la r\u00e9cup\u00e9ration et le recyclage. Ses derni\u00e8res oeuvres se dirigent de plus en plus vers l\u2019abstraction, avec des collages de mat\u00e9riaux.<br><\/p>\n\n\n\n<ul class=\"wp-block-gallery columns-3 is-cropped wp-block-gallery-1 is-layout-flex wp-block-gallery-is-layout-flex\"><li class=\"blocks-gallery-item\"><figure><a href=\"http:\/\/www.galerie3f.fr\/paris\/wp-content\/uploads\/2019\/03\/jmf-adr13.jpg\"><img loading=\"lazy\" decoding=\"async\" width=\"900\" height=\"885\" src=\"http:\/\/www.galerie3f.fr\/paris\/wp-content\/uploads\/2019\/03\/jmf-adr13.jpg\" alt=\"\" data-id=\"284\" data-link=\"http:\/\/www.galerie3f.fr\/paris\/jmf-adr13\/\" class=\"wp-image-284\" srcset=\"https:\/\/www.galerie3f.fr\/paris\/wp-content\/uploads\/2019\/03\/jmf-adr13.jpg 900w, https:\/\/www.galerie3f.fr\/paris\/wp-content\/uploads\/2019\/03\/jmf-adr13-300x295.jpg 300w, https:\/\/www.galerie3f.fr\/paris\/wp-content\/uploads\/2019\/03\/jmf-adr13-768x755.jpg 768w, https:\/\/www.galerie3f.fr\/paris\/wp-content\/uploads\/2019\/03\/jmf-adr13-88x88.jpg 88w, https:\/\/www.galerie3f.fr\/paris\/wp-content\/uploads\/2019\/03\/jmf-adr13-508x500.jpg 508w\" sizes=\"auto, (max-width: 900px) 100vw, 900px\" \/><\/a><\/figure><\/li><li class=\"blocks-gallery-item\"><figure><a href=\"http:\/\/www.galerie3f.fr\/paris\/wp-content\/uploads\/2019\/03\/jmf-adr1.jpg\"><img loading=\"lazy\" decoding=\"async\" width=\"900\" height=\"900\" src=\"http:\/\/www.galerie3f.fr\/paris\/wp-content\/uploads\/2019\/03\/jmf-adr1.jpg\" alt=\"\" data-id=\"272\" data-link=\"http:\/\/www.galerie3f.fr\/paris\/jmf-adr1\/\" class=\"wp-image-272\" srcset=\"https:\/\/www.galerie3f.fr\/paris\/wp-content\/uploads\/2019\/03\/jmf-adr1.jpg 900w, https:\/\/www.galerie3f.fr\/paris\/wp-content\/uploads\/2019\/03\/jmf-adr1-150x150.jpg 150w, https:\/\/www.galerie3f.fr\/paris\/wp-content\/uploads\/2019\/03\/jmf-adr1-300x300.jpg 300w, https:\/\/www.galerie3f.fr\/paris\/wp-content\/uploads\/2019\/03\/jmf-adr1-768x768.jpg 768w, https:\/\/www.galerie3f.fr\/paris\/wp-content\/uploads\/2019\/03\/jmf-adr1-88x88.jpg 88w, https:\/\/www.galerie3f.fr\/paris\/wp-content\/uploads\/2019\/03\/jmf-adr1-508x508.jpg 508w\" sizes=\"auto, (max-width: 900px) 100vw, 900px\" \/><\/a><\/figure><\/li><li class=\"blocks-gallery-item\"><figure><a href=\"http:\/\/www.galerie3f.fr\/paris\/wp-content\/uploads\/2019\/03\/jmf-adr6.jpg\"><img loading=\"lazy\" decoding=\"async\" width=\"900\" height=\"900\" src=\"http:\/\/www.galerie3f.fr\/paris\/wp-content\/uploads\/2019\/03\/jmf-adr6.jpg\" alt=\"\" data-id=\"277\" data-link=\"http:\/\/www.galerie3f.fr\/paris\/jmf-adr6\/\" class=\"wp-image-277\" srcset=\"https:\/\/www.galerie3f.fr\/paris\/wp-content\/uploads\/2019\/03\/jmf-adr6.jpg 900w, https:\/\/www.galerie3f.fr\/paris\/wp-content\/uploads\/2019\/03\/jmf-adr6-150x150.jpg 150w, https:\/\/www.galerie3f.fr\/paris\/wp-content\/uploads\/2019\/03\/jmf-adr6-300x300.jpg 300w, https:\/\/www.galerie3f.fr\/paris\/wp-content\/uploads\/2019\/03\/jmf-adr6-768x768.jpg 768w, https:\/\/www.galerie3f.fr\/paris\/wp-content\/uploads\/2019\/03\/jmf-adr6-88x88.jpg 88w, https:\/\/www.galerie3f.fr\/paris\/wp-content\/uploads\/2019\/03\/jmf-adr6-508x508.jpg 508w\" sizes=\"auto, (max-width: 900px) 100vw, 900px\" \/><\/a><figcaption>\u00a9 Jean-Michel Faudemer<\/figcaption><\/figure><\/li><\/ul>\n\n\n<p style=\"font-size: 15px;\"><span style=\"color: #d691f6;\"><strong>2018<\/strong><\/span><br \/>Platamonas ( Gr\u00e8ce)<strong> H\u00f4tel Crownwell<\/strong> &#8211; <em>Cyclopes<\/em><br \/>Paris <strong>Espace des Blancs Manteaux<\/strong> &#8211; <em>M\u00e9tamorphose<\/em><br \/>Paris <strong>Galerie 3f<\/strong> &#8211; <em>L\u2019Art de Rien<\/em><br \/><span style=\"color: #d691f6;\"><strong>2017<\/strong><\/span><br \/>Paris <strong>Espace des Blancs Manteaux<\/strong> &#8211; <em>M\u00e9tamorphose<\/em><br \/>Paris <strong>Galerie 3f<\/strong> &#8211; <em>M\u00e9li-M\u00e9lo<\/em><br \/><span style=\"color: #d691f6;\"><strong>2016<\/strong><\/span><br \/>Paris <strong>Galerie 3f<\/strong> &#8211; <em>La \u00a0Magie \u00a0du \u00a0Chaos<\/em><br \/><span style=\"color: #d691f6;\"><strong>2015<\/strong><\/span><br \/>Paris <strong>Espace des Blancs Manteaux<\/strong> &#8211; <em>M\u00e9tamorphose<\/em><br \/>Paris <strong>Galerie 3f<\/strong> &#8211; <em>M\u00e9gapolis<\/em><br \/><span style=\"color: #d691f6;\"><strong>2014<\/strong><\/span><br \/>Paris La Bastille GMAC<br \/>Paris <strong>Espace des Blancs Manteaux<\/strong> &#8211; <em>M\u00e9tamorphose<\/em><br \/>Paris <strong>Galerie 3f<\/strong><br \/><span style=\"color: #d691f6;\"><strong>2013<\/strong><\/span><br \/>Paris <strong>Espace des Blancs Manteaux<\/strong> &#8211; <em>M\u00e9tamorphose<\/em><br \/><span style=\"color: #d691f6;\"><strong>2012<\/strong><\/span><br \/>Paris <strong>Galerie Olivier Nouvellet<\/strong><br \/>Nei Pori (Gr\u00e8ce) <strong>H\u00f4tel IRO<\/strong> &#8211; <em>Duos<\/em><br \/>Paris <strong>Espace des Blancs Manteaux<\/strong> &#8211; <em>M\u00e9tamorphose<\/em><br \/><span style=\"color: #d691f6;\"><strong>2011<\/strong><\/span><br \/>Paris <strong>Galerie 3f<\/strong> &#8211; \u00a0<em>Les Po\u00e9sies D\u00e9chetalles<\/em><strong>2015<\/strong><br \/><span style=\"color: #d691f6;\"><strong>2010<\/strong><\/span><br \/>Tokyo (Japon) &#8211; <em>Collectif Fran\u00e7ais<\/em><br \/>Paris <strong>Galerie 3f<\/strong> &#8211; <em>Les \u00a0Bling \u00a0Bling<\/em><br \/><span style=\"color: #d691f6;\"><strong>2009<\/strong><\/span><br \/>Saint Germain des Pr\u00e8s <strong>H\u00f4tel le Saint Gr\u00e9goire<\/strong><br \/>Paris <strong>Galerie 3f<\/strong> &#8211; <em>Bye Bye les Bling Bling<\/em><br \/>Paris <strong>Domaine de Verderonne<\/strong> de Caroline Corre \u00a0&#8211; <em>Exposition collective Les Anges<\/em><br \/><span style=\"color: #d691f6;\"><strong>2007<\/strong><\/span><br \/>Saussey (50) <strong>Manoir<\/strong><br \/><span style=\"color: #d691f6;\"><strong>2005<\/strong><\/span><br \/>Paris <strong>Palais Royal<\/strong> &#8211; <em>Exposition collective<\/em><br \/><span style=\"color: #d691f6;\"><strong>2002<\/strong><\/span><br \/>Paris &#8211; <em>Cr\u00e9ation de la Galerie 3f<\/em><br \/><span style=\"color: #d691f6;\"><strong>2001<\/strong><\/span><br \/>Limoges (87) <strong>Galerie Vincent P\u00e9caud<\/strong><br \/>Paris <strong>Galerie Au dessus du Volcan<\/strong><br \/>Paris <strong>Halle Saint Pierre<\/strong><br \/>Limoges (87) &#8211; <em>Salon des Artistes du Limousin<\/em><br \/><span style=\"color: #d691f6;\"><strong>2000<\/strong><\/span><br \/>Viroflay (78) &#8211; <em>Exposition collective<\/em><br \/>Paris<strong> Galerie Selmersheim<\/strong><br \/>Versailles (78) &#8211; <em>Salon des salons<\/em><br \/><span style=\"color: #d691f6;\"><strong>1999<\/strong><\/span><br \/>Paris<strong> Galerie Selmersheim<\/strong><br \/>Vanves (92) &#8211; <em>Exposition collective<\/em><br \/>Viroflay (78) &#8211; <em>Exposition collective<\/em><br \/>Viroflay (78) &#8211; <em>Salon Tendances<\/em><br \/><span style=\"color: #d691f6;\"><strong>1998<\/strong><\/span><br \/>Paris <strong>Espace des Blancs Manteaux<\/strong> &#8211; <em>Code B\u2019art<\/em><br \/><span style=\"color: #d691f6;\"><strong>1997<\/strong><\/span><br \/>Paris <strong>Comit\u00e9 d\u2019Entreprise Air Inter<\/strong><\/p>\n\n\n<div class=\"wp-block-image\"><figure class=\"aligncenter\"><img loading=\"lazy\" decoding=\"async\" width=\"900\" height=\"340\" src=\"http:\/\/www.galerie3f.fr\/paris\/wp-content\/uploads\/2019\/03\/cid_001401c743abff391c700100a8c0@MICHEL.jpg\" alt=\"\" class=\"wp-image-148\" srcset=\"https:\/\/www.galerie3f.fr\/paris\/wp-content\/uploads\/2019\/03\/cid_001401c743abff391c700100a8c0@MICHEL.jpg 900w, https:\/\/www.galerie3f.fr\/paris\/wp-content\/uploads\/2019\/03\/cid_001401c743abff391c700100a8c0@MICHEL-300x113.jpg 300w, https:\/\/www.galerie3f.fr\/paris\/wp-content\/uploads\/2019\/03\/cid_001401c743abff391c700100a8c0@MICHEL-768x290.jpg 768w, https:\/\/www.galerie3f.fr\/paris\/wp-content\/uploads\/2019\/03\/cid_001401c743abff391c700100a8c0@MICHEL-508x192.jpg 508w\" sizes=\"auto, (max-width: 900px) 100vw, 900px\" \/><\/figure><\/div>\n\n\n\n<figure class=\"wp-block-image\"><img loading=\"lazy\" decoding=\"async\" width=\"900\" height=\"340\" src=\"http:\/\/www.galerie3f.fr\/paris\/wp-content\/uploads\/2019\/03\/cid_001101c743abff391c700100a8c0@MICHEL.jpg\" alt=\"\" class=\"wp-image-158\" srcset=\"https:\/\/www.galerie3f.fr\/paris\/wp-content\/uploads\/2019\/03\/cid_001101c743abff391c700100a8c0@MICHEL.jpg 900w, https:\/\/www.galerie3f.fr\/paris\/wp-content\/uploads\/2019\/03\/cid_001101c743abff391c700100a8c0@MICHEL-300x113.jpg 300w, https:\/\/www.galerie3f.fr\/paris\/wp-content\/uploads\/2019\/03\/cid_001101c743abff391c700100a8c0@MICHEL-768x290.jpg 768w, https:\/\/www.galerie3f.fr\/paris\/wp-content\/uploads\/2019\/03\/cid_001101c743abff391c700100a8c0@MICHEL-508x192.jpg 508w\" sizes=\"auto, (max-width: 900px) 100vw, 900px\" \/><\/figure>\n","protected":false},"excerpt":{"rendered":"<p>Jean-Michel FAUDEMER est n\u00e9 en 1954 dans un village de Normandie, dans une famille de forgerons de p\u00e8re en fils. A 23 ans sa profession l\u2019am\u00e8ne \u00e0 parcourir&#8230;<\/p>\n","protected":false},"author":1,"featured_media":0,"parent":0,"menu_order":0,"comment_status":"closed","ping_status":"closed","template":"","meta":{"footnotes":""},"class_list":["post-147","page","type-page","status-publish","hentry"],"_links":{"self":[{"href":"https:\/\/www.galerie3f.fr\/paris\/wp-json\/wp\/v2\/pages\/147","targetHints":{"allow":["GET"]}}],"collection":[{"href":"https:\/\/www.galerie3f.fr\/paris\/wp-json\/wp\/v2\/pages"}],"about":[{"href":"https:\/\/www.galerie3f.fr\/paris\/wp-json\/wp\/v2\/types\/page"}],"author":[{"embeddable":true,"href":"https:\/\/www.galerie3f.fr\/paris\/wp-json\/wp\/v2\/users\/1"}],"replies":[{"embeddable":true,"href":"https:\/\/www.galerie3f.fr\/paris\/wp-json\/wp\/v2\/comments?post=147"}],"version-history":[{"count":17,"href":"https:\/\/www.galerie3f.fr\/paris\/wp-json\/wp\/v2\/pages\/147\/revisions"}],"predecessor-version":[{"id":393,"href":"https:\/\/www.galerie3f.fr\/paris\/wp-json\/wp\/v2\/pages\/147\/revisions\/393"}],"wp:attachment":[{"href":"https:\/\/www.galerie3f.fr\/paris\/wp-json\/wp\/v2\/media?parent=147"}],"curies":[{"name":"wp","href":"https:\/\/api.w.org\/{rel}","templated":true}]}}